{"id":11809,"date":"2025-09-18T09:02:36","date_gmt":"2025-09-18T07:02:36","guid":{"rendered":"https:\/\/club-yonder-test3.sb-web.fr\/?page_id=11809"},"modified":"2025-10-17T12:58:55","modified_gmt":"2025-10-17T10:58:55","slug":"how-it-works","status":"publish","type":"page","link":"https:\/\/club.yonder.fr\/en\/how-it-works\/","title":{"rendered":"What is Club Yonder?"},"content":{"rendered":"<div id=\"pl-11809\"  class=\"panel-layout\" ><div id=\"pg-11809-0\"  class=\"panel-grid panel-has-style\" ><div class=\"panel-row-style panel-row-style-for-11809-0\" ><div id=\"pgc-11809-0-0\"  class=\"panel-grid-cell\" ><div id=\"panel-11809-0-0-0\" class=\"so-panel widget widget_sow-headline panel-first-child\" data-index=\"0\" ><div\n\t\t\t\n\t\t\tclass=\"so-widget-sow-headline so-widget-sow-headline-default-85ea4ac10cbf-11809\"\n\t\t\t\n\t\t><div class=\"sow-headline-container \">\n\t\t\t\t\t\t\t<h2 class=\"sow-headline\">\n\t\t\t\t\t\tExclusive access to the world\u2019s most beautiful hotels\t\t\t\t\t\t<\/h2>\n\t\t\t\t\t\t<\/div>\n<\/div><\/div><div id=\"panel-11809-0-0-1\" class=\"so-panel widget widget_sow-editor panel-last-child\" data-index=\"1\" ><div\n\t\t\t\n\t\t\tclass=\"so-widget-sow-editor so-widget-sow-editor-base\"\n\t\t\t\n\t\t>\n<div class=\"siteorigin-widget-tinymce textwidget\">\n\t<p>Our 40 Yonder journalists are constantly scouring the globe, testing new hotel openings from Rajasthan to Patagonia to the Norwegian coast\u2026 and traveling all over France!<\/p>\n<\/div>\n<\/div><\/div><\/div><\/div><\/div><div id=\"pg-11809-1\"  class=\"panel-grid panel-has-style\" ><div class=\"row-blocs-cases panel-row-style panel-row-style-for-11809-1\" ><div id=\"pgc-11809-1-0\"  class=\"panel-grid-cell\" ><div id=\"panel-11809-1-0-0\" class=\"so-panel widget widget_sow-headline panel-first-child\" data-index=\"2\" ><div\n\t\t\t\n\t\t\tclass=\"so-widget-sow-headline so-widget-sow-headline-default-b23df7f393f7-11809\"\n\t\t\t\n\t\t><div class=\"sow-headline-container \">\n\t\t\t\t\t\t\t<h3 class=\"sow-headline\">\n\t\t\t\t\t\tInsist on the very best\t\t\t\t\t\t<\/h3>\n\t\t\t\t\t\t<\/div>\n<\/div><\/div><div id=\"panel-11809-1-0-1\" class=\"so-panel widget widget_sow-editor panel-last-child\" data-index=\"3\" ><div\n\t\t\t\n\t\t\tclass=\"so-widget-sow-editor so-widget-sow-editor-base\"\n\t\t\t\n\t\t>\n<div class=\"siteorigin-widget-tinymce textwidget\">\n\t<p><strong>Be certain that the place you\u2019re considering is exactly what you want\u2026<\/strong><\/p>\n<p>Do you dream of a <a href=\"https:\/\/club.yonder.fr\/en\/types-hotels\/palace-hotel\/\">legendary palace<\/a>, a <a href=\"https:\/\/club.yonder.fr\/en\/types-hotels\/boutique-hotel-en\/\">boutique hotel<\/a>, a <a href=\"https:\/\/club.yonder.fr\/en\/types-hotels\/cabin-lodges\/\">treetop cabin<\/a>, a design hotel, a vast spa, a hotel at the foot of the ski slopes, a hotel with a private pool, a night of complete silence, a retreat in the heart of nature, or a hotel in the heart of the city? We guide you to your ideal experience.<\/p>\n<\/div>\n<\/div><\/div><\/div><div id=\"pgc-11809-1-1\"  class=\"panel-grid-cell\" ><div id=\"panel-11809-1-1-0\" class=\"so-panel widget widget_sow-headline panel-first-child\" data-index=\"4\" ><div\n\t\t\t\n\t\t\tclass=\"so-widget-sow-headline so-widget-sow-headline-default-4ca758f74951-11809\"\n\t\t\t\n\t\t><div class=\"sow-headline-container \">\n\t\t\t\t\t\t\t<h3 class=\"sow-headline\">\n\t\t\t\t\t\tPremium concierge service\t\t\t\t\t\t<\/h3>\n\t\t\t\t\t\t<\/div>\n<\/div><\/div><div id=\"panel-11809-1-1-1\" class=\"so-panel widget widget_sow-editor panel-last-child\" data-index=\"5\" ><div\n\t\t\t\n\t\t\tclass=\"so-widget-sow-editor so-widget-sow-editor-base\"\n\t\t\t\n\t\t>\n<div class=\"siteorigin-widget-tinymce textwidget\">\n\t<p>Le Club Yonder, through its subsidiary Travellers Society (Atout France no. IM075190017), is a private concierge designed for those who want to stay in exceptional hotels without wasting time searching, comparing, or negotiating.<br \/>We carefully select the world\u2019s most exquisite addresses and open the doors to these rare places, offering exclusive benefits along the way.<\/p>\n<\/div>\n<\/div><\/div><\/div><\/div><\/div><div id=\"pg-11809-2\"  class=\"panel-grid panel-has-style\" ><div class=\"row-blocs-cases panel-row-style panel-row-style-for-11809-2\" ><div id=\"pgc-11809-2-0\"  class=\"panel-grid-cell\" ><div id=\"panel-11809-2-0-0\" class=\"so-panel widget widget_sow-headline panel-first-child\" data-index=\"6\" ><div\n\t\t\t\n\t\t\tclass=\"so-widget-sow-headline so-widget-sow-headline-default-97e45d062bb6-11809\"\n\t\t\t\n\t\t><div class=\"sow-headline-container \">\n\t\t\t\t\t\t\t<h3 class=\"sow-headline\">\n\t\t\t\t\t\tBook with ease, savor the experience.\t\t\t\t\t\t<\/h3>\n\t\t\t\t\t\t<\/div>\n<\/div><\/div><div id=\"panel-11809-2-0-1\" class=\"so-panel widget widget_sow-editor panel-last-child\" data-index=\"7\" ><div\n\t\t\t\n\t\t\tclass=\"so-widget-sow-editor so-widget-sow-editor-base\"\n\t\t\t\n\t\t>\n<div class=\"siteorigin-widget-tinymce textwidget\">\n\t<p>As a member of Club Yonder, you gain direct access to our bespoke reservation service.<br \/>Thanks to our direct relationships with hoteliers, we have pre-negotiated benefits exclusively for Yonder readers: exceptional discounts of 10\u201325% on the nightly rates at most Club Yonder member hotels, along with exclusive privileges at each property \u2014 upgrades, complimentary breakfasts, spa or restaurant credits, VIP welcome including a bottle of Champagne in your room, early check-in, late check-out\u2026<br \/><strong>These are the thoughtful touches that make all the difference.<\/strong><\/p>\n<\/div>\n<\/div><\/div><\/div><div id=\"pgc-11809-2-1\"  class=\"panel-grid-cell\" ><div id=\"panel-11809-2-1-0\" class=\"so-panel widget widget_sow-headline panel-first-child\" data-index=\"8\" ><div\n\t\t\t\n\t\t\tclass=\"so-widget-sow-headline so-widget-sow-headline-default-4ca758f74951-11809\"\n\t\t\t\n\t\t><div class=\"sow-headline-container \">\n\t\t\t\t\t\t\t<h3 class=\"sow-headline\">\n\t\t\t\t\t\tBespoke service, with no subscription.\t\t\t\t\t\t<\/h3>\n\t\t\t\t\t\t<\/div>\n<\/div><\/div><div id=\"panel-11809-2-1-1\" class=\"so-panel widget widget_sow-editor panel-last-child\" data-index=\"9\" ><div\n\t\t\t\n\t\t\tclass=\"so-widget-sow-editor so-widget-sow-editor-base\"\n\t\t\t\n\t\t>\n<div class=\"siteorigin-widget-tinymce textwidget\">\n\t<p>No points, no annual fees. Our straightforward model: we are compensated by the hotels, not by you.<br \/>You enjoy a premium service at no extra cost, with the freedom to book wherever and whenever you like.<br \/>And if you need advice?<br \/>Our team is here to assist, answer your questions, and lead you to the hotel that perfectly matches your wishes.  <\/p>\n<\/div>\n<\/div><\/div><\/div><\/div><\/div><div id=\"pg-11809-3\"  class=\"panel-grid panel-no-style\" ><div id=\"pgc-11809-3-0\"  class=\"panel-grid-cell\" ><div id=\"panel-11809-3-0-0\" class=\"so-panel widget widget_sow-button panel-first-child panel-last-child\" data-index=\"10\" ><div\n\t\t\t\n\t\t\tclass=\"so-widget-sow-button so-widget-sow-button-flat-66466acb9e12-11809\"\n\t\t\t\n\t\t><div class=\"ow-button-base ow-button-align-center\"\n>\n\t\t\t<a\n\t\t\t\t\thref=\"https:\/\/club.yonder.fr\/en\/destinations\/\"\n\t\t\t\t\tclass=\"bouton-2 sowb-button ow-icon-placement-left ow-button-hover\" \t>\n\t\t<span>\n\t\t\t\n\t\t\tPick your destination\t\t<\/span>\n\t\t\t<\/a>\n\t<\/div>\n<\/div><\/div><\/div><\/div><div id=\"pg-11809-4\"  class=\"panel-grid panel-has-style\" ><div class=\"panel-row-style panel-row-style-for-11809-4\" ><div id=\"pgc-11809-4-0\"  class=\"panel-grid-cell\" ><div id=\"panel-11809-4-0-0\" class=\"so-panel widget widget_sow-headline panel-first-child\" data-index=\"11\" ><div\n\t\t\t\n\t\t\tclass=\"so-widget-sow-headline so-widget-sow-headline-default-85ea4ac10cbf-11809\"\n\t\t\t\n\t\t><div class=\"sow-headline-container \">\n\t\t\t\t\t\t\t<h2 class=\"sow-headline\">\n\t\t\t\t\t\tWhy choose Club Yonder?\t\t\t\t\t\t<\/h2>\n\t\t\t\t\t\t<\/div>\n<\/div><\/div><div id=\"panel-11809-4-0-1\" class=\"so-panel widget widget_sow-editor\" data-index=\"12\" ><div class=\"textwidget-liste-fleches-grises panel-widget-style panel-widget-style-for-11809-4-0-1\" ><div\n\t\t\t\n\t\t\tclass=\"so-widget-sow-editor so-widget-sow-editor-base\"\n\t\t\t\n\t\t>\n<div class=\"siteorigin-widget-tinymce textwidget\">\n\t<ul>\n<li style=\"text-align: left;\"><span style=\"font-weight: 400;\">Every reservation turns into a richer experience.<\/span><\/li>\n<li style=\"text-align: left;\"><span style=\"font-weight: 400;\">You save time.<\/span><\/li>\n<li style=\"text-align: left;\"><span style=\"font-weight: 400;\">Each property has been visited, tested, and selected for its level of excellence, location, and character.<\/span><\/li>\n<li style=\"text-align: left;\"><span style=\"font-weight: 400;\">The prices we offer you will always be more attractive than those on online platforms or hotel websites, because we know them and interact with them on a daily basis. <\/span><\/li>\n<\/ul>\n<p><span style=\"font-weight: 400;\"> <\/span><\/p>\n<\/div>\n<\/div><\/div><\/div><div id=\"panel-11809-4-0-2\" class=\"so-panel widget widget_sow-editor panel-last-child\" data-index=\"13\" ><div\n\t\t\t\n\t\t\tclass=\"so-widget-sow-editor so-widget-sow-editor-base\"\n\t\t\t\n\t\t>\n<div class=\"siteorigin-widget-tinymce textwidget\">\n\t<p style=\"text-align: center;\"><span style=\"font-weight: 400;\">Our job<\/span> is to negotiate with them so that you are welcomed in the best possible way.<br \/>Club Yonder guarantees you make the right choice, without compromise.<\/p>\n<\/div>\n<\/div><\/div><\/div><\/div><\/div><div id=\"pg-11809-5\"  class=\"panel-grid panel-has-style\" ><div class=\"panel-row-style panel-row-style-for-11809-5\" ><div id=\"pgc-11809-5-0\"  class=\"panel-grid-cell\" ><div id=\"panel-11809-5-0-0\" class=\"so-panel widget widget_sow-headline panel-first-child\" data-index=\"14\" ><div\n\t\t\t\n\t\t\tclass=\"so-widget-sow-headline so-widget-sow-headline-default-85ea4ac10cbf-11809\"\n\t\t\t\n\t\t><div class=\"sow-headline-container \">\n\t\t\t\t\t\t\t<h2 class=\"sow-headline\">\n\t\t\t\t\t\tThe Club Yonder Hotel Collection\t\t\t\t\t\t<\/h2>\n\t\t\t\t\t\t<\/div>\n<\/div><\/div><div id=\"panel-11809-5-0-1\" class=\"so-panel widget widget_sow-editor panel-last-child\" data-index=\"15\" ><div\n\t\t\t\n\t\t\tclass=\"so-widget-sow-editor so-widget-sow-editor-base\"\n\t\t\t\n\t\t>\n<div class=\"siteorigin-widget-tinymce textwidget\">\n\t<p>Club Yonder is <strong>THE ultimate hotel collection<\/strong> \u2014 the <a href=\"https:\/\/club.yonder.fr\/en\/selection\/our-highlights\/\">favorites handpicked by our journalists<\/a>. Excellence in service, prime location, sleek design, Michelin-starred restaurant, rooftop bar or pool with a view\u2026<\/p>\n<p>Rare addresses, tested and approved by our editorial team, where every detail matters: impeccable service, prime location, inspiring architecture, refined design, signature cuisine or Michelin-starred restaurant, exceptional spas up to 2,000 m\u00b2, not to mention hidden bars or rooftop pools with breathtaking views.<br \/>Intimate boutique hotels, grand historic houses, contemporary retreats, or ultra-private escapes\u2026 Our selection represents the very best of hospitality worldwide, with that extra touch of soul that turns your stay into a truly memorable experience.<\/p>\n<\/div>\n<\/div><\/div><\/div><\/div><\/div><div id=\"pg-11809-6\"  class=\"panel-grid panel-no-style\" ><div id=\"pgc-11809-6-0\"  class=\"panel-grid-cell\" ><div id=\"panel-11809-6-0-0\" class=\"so-panel widget widget_sow-button panel-first-child panel-last-child\" data-index=\"16\" ><div\n\t\t\t\n\t\t\tclass=\"so-widget-sow-button so-widget-sow-button-flat-66466acb9e12-11809\"\n\t\t\t\n\t\t><div class=\"ow-button-base ow-button-align-center\"\n>\n\t\t\t<a\n\t\t\t\t\thref=\"https:\/\/club.yonder.fr\/en\/our-experiences\/\"\n\t\t\t\t\tclass=\"bouton-2 sowb-button ow-icon-placement-left ow-button-hover\" \t>\n\t\t<span>\n\t\t\t\n\t\t\tExplore the Club Yonder hotel collection\t\t<\/span>\n\t\t\t<\/a>\n\t<\/div>\n<\/div><\/div><\/div><\/div><div id=\"pg-11809-7\"  class=\"panel-grid panel-no-style\" ><div id=\"pgc-11809-7-0\"  class=\"panel-grid-cell\" ><div id=\"panel-11809-7-0-0\" class=\"so-panel widget widget_sow-headline panel-first-child\" data-index=\"17\" ><div\n\t\t\t\n\t\t\tclass=\"so-widget-sow-headline so-widget-sow-headline-default-85ea4ac10cbf-11809\"\n\t\t\t\n\t\t><div class=\"sow-headline-container \">\n\t\t\t\t\t\t\t<h2 class=\"sow-headline\">\n\t\t\t\t\t\tHow does it work?\t\t\t\t\t\t<\/h2>\n\t\t\t\t\t\t<\/div>\n<\/div><\/div><div id=\"panel-11809-7-0-1\" class=\"widget_text so-panel widget widget_custom_html panel-last-child\" data-index=\"18\" ><div class=\"textwidget custom-html-widget\"><div id=\"pl-11568\"  class=\"panel-layout\" ><div id=\"pg-11568-0\"  class=\"panel-grid panel-no-style\" ><div id=\"pgc-11568-0-0\"  class=\"panel-grid-cell\" ><div id=\"panel-11568-0-0-0\" class=\"so-panel widget widget_sow-editor panel-first-child panel-last-child\" data-index=\"0\" ><div\n\t\t\t\n\t\t\tclass=\"so-widget-sow-editor so-widget-sow-editor-base\"\n\t\t\t\n\t\t>\n<div class=\"siteorigin-widget-tinymce textwidget\">\n\t<p style=\"text-align: center;\">R\u00e9servez avec nous, profitez de plus.<br \/>\nAvec le Club Yonder, vous acc\u00e9dez \u00e0 des tarifs exclusifs, en profitant des meilleurs tarifs du web.<br \/>\n<strong>Jusqu\u2019\u00e0 -25 % sur une s\u00e9lection d\u2019h\u00f4tels test\u00e9s et approuv\u00e9s.<\/strong><br \/>\n\u00c0 ces remises s\u2019ajoutent des privil\u00e8ges concrets :<br \/>\nsurclassement, petit d\u00e9jeuner offert, cr\u00e9dit spa ou resto, accueil VIP, early check-in, late check-out\u2026<\/p>\n<\/div>\n<\/div><\/div><\/div><\/div><div id=\"pg-11568-1\"  class=\"panel-grid panel-no-style\" ><div id=\"pgc-11568-1-0\"  class=\"panel-grid-cell panel-grid-cell-empty\" ><\/div><div id=\"pgc-11568-1-1\"  class=\"panel-grid-cell panel-grid-cell-mobile-last\" ><div id=\"panel-11568-1-1-0\" class=\"so-panel widget widget_sow-editor panel-first-child panel-last-child\" data-index=\"1\" ><div class=\"textwidget-liste-fleches-grises panel-widget-style panel-widget-style-for-11568-1-1-0\" ><div\n\t\t\t\n\t\t\tclass=\"so-widget-sow-editor so-widget-sow-editor-base\"\n\t\t\t\n\t\t>\n<div class=\"siteorigin-widget-tinymce textwidget\">\n\t<p style=\"text-align: center;\"><strong>Pour en b\u00e9n\u00e9ficier :<\/strong><\/p>\n<ul>\n<li style=\"text-align: left;\">S\u00e9lectionnez un h\u00f4tel dans notre collection,<\/li>\n<li style=\"text-align: left;\">Cliquez sur le bouton \"R\u00e9servez cet h\u00f4tel\" et compl\u00e9tez le formulaire de r\u00e9servation,<\/li>\n<li style=\"text-align: left;\">Recevez par email une offre personnalis\u00e9e dans les meilleurs d\u00e9lais,<\/li>\n<li style=\"text-align: left;\">Effectuez votre r\u00e8glement, via notre paiement s\u00e9curis\u00e9 Stripe.<\/li>\n<\/ul>\n<\/div>\n<\/div><\/div><\/div><\/div><div id=\"pgc-11568-1-2\"  class=\"panel-grid-cell panel-grid-cell-empty\" ><\/div><\/div><\/div><\/div><\/div><\/div><\/div><div id=\"pg-11809-8\"  class=\"panel-grid panel-no-style\" ><div id=\"pgc-11809-8-0\"  class=\"panel-grid-cell\" ><div id=\"panel-11809-8-0-0\" class=\"so-panel widget widget_sow-button panel-first-child panel-last-child\" data-index=\"19\" ><div\n\t\t\t\n\t\t\tclass=\"so-widget-sow-button so-widget-sow-button-flat-66466acb9e12-11809\"\n\t\t\t\n\t\t><div class=\"ow-button-base ow-button-align-center\"\n>\n\t\t\t<a\n\t\t\t\t\thref=\"https:\/\/club.yonder.fr\/en\/book-a-hotel\/\"\n\t\t\t\t\tclass=\"bouton-2 sowb-button ow-icon-placement-left ow-button-hover\" \t>\n\t\t<span>\n\t\t\t\n\t\t\tBook with us\t\t<\/span>\n\t\t\t<\/a>\n\t<\/div>\n<\/div><\/div><\/div><\/div><\/div>","protected":false},"excerpt":{"rendered":"<p>Our 40 Yonder journalists are constantly scouring the globe, testing new hotel openings from Rajasthan to Patagonia to the Norwegian coast\u2026 and traveling all over France! Be certain that the place you\u2019re considering is exactly what you want\u2026 Do you dream of a legendary palace, a boutique hotel, a treetop cabin, a design hotel, a [&hellip;]<\/p>\n","protected":false},"author":1,"featured_media":0,"parent":0,"menu_order":0,"comment_status":"closed","ping_status":"closed","template":"","meta":{"_acf_changed":false,"footnotes":""},"class_list":["post-11809","page","type-page","status-publish","hentry","post"],"acf":[],"yoast_head":"<!-- This site is optimized with the Yoast SEO plugin v27.5 - https:\/\/yoast.com\/product\/yoast-seo-wordpress\/ -->\n<title>What is Club Yonder? - Club Yonder<\/title>\n<meta name=\"robots\" content=\"index, follow, max-snippet:-1, max-image-preview:large, max-video-preview:-1\" \/>\n<link rel=\"canonical\" href=\"https:\/\/club.yonder.fr\/en\/how-it-works\/\" \/>\n<meta property=\"og:locale\" content=\"en_US\" \/>\n<meta property=\"og:type\" content=\"article\" \/>\n<meta property=\"og:title\" content=\"What is Club Yonder? - Club Yonder\" \/>\n<meta property=\"og:description\" content=\"Our 40 Yonder journalists are constantly scouring the globe, testing new hotel openings from Rajasthan to Patagonia to the Norwegian coast\u2026 and traveling all over France! Be certain that the place you\u2019re considering is exactly what you want\u2026 Do you dream of a legendary palace, a boutique hotel, a treetop cabin, a design hotel, a [&hellip;]\" \/>\n<meta property=\"og:url\" content=\"https:\/\/club.yonder.fr\/en\/how-it-works\/\" \/>\n<meta property=\"og:site_name\" content=\"Club Yonder\" \/>\n<meta property=\"article:modified_time\" content=\"2025-10-17T10:58:55+00:00\" \/>\n<meta name=\"twitter:card\" content=\"summary_large_image\" \/>\n<meta name=\"twitter:label1\" content=\"Est. reading time\" \/>\n\t<meta name=\"twitter:data1\" content=\"4 minutes\" \/>\n<script type=\"application\/ld+json\" class=\"yoast-schema-graph\">{\"@context\":\"https:\\\/\\\/schema.org\",\"@graph\":[{\"@type\":\"WebPage\",\"@id\":\"https:\\\/\\\/club.yonder.fr\\\/en\\\/how-it-works\\\/\",\"url\":\"https:\\\/\\\/club.yonder.fr\\\/en\\\/how-it-works\\\/\",\"name\":\"What is Club Yonder? - Club Yonder\",\"isPartOf\":{\"@id\":\"https:\\\/\\\/club.yonder.fr\\\/en\\\/#website\"},\"datePublished\":\"2025-09-18T07:02:36+00:00\",\"dateModified\":\"2025-10-17T10:58:55+00:00\",\"breadcrumb\":{\"@id\":\"https:\\\/\\\/club.yonder.fr\\\/en\\\/how-it-works\\\/#breadcrumb\"},\"inLanguage\":\"en-US\",\"potentialAction\":[{\"@type\":\"ReadAction\",\"target\":[\"https:\\\/\\\/club.yonder.fr\\\/en\\\/how-it-works\\\/\"]}]},{\"@type\":\"BreadcrumbList\",\"@id\":\"https:\\\/\\\/club.yonder.fr\\\/en\\\/how-it-works\\\/#breadcrumb\",\"itemListElement\":[{\"@type\":\"ListItem\",\"position\":1,\"name\":\"Accueil\",\"item\":\"https:\\\/\\\/club.yonder.fr\\\/en\\\/\"},{\"@type\":\"ListItem\",\"position\":2,\"name\":\"What is Club Yonder?\"}]},{\"@type\":\"WebSite\",\"@id\":\"https:\\\/\\\/club.yonder.fr\\\/en\\\/#website\",\"url\":\"https:\\\/\\\/club.yonder.fr\\\/en\\\/\",\"name\":\"Club Yonder\",\"description\":\"Les plus beaux h\u00f4tels\",\"publisher\":{\"@id\":\"https:\\\/\\\/club.yonder.fr\\\/en\\\/#organization\"},\"potentialAction\":[{\"@type\":\"SearchAction\",\"target\":{\"@type\":\"EntryPoint\",\"urlTemplate\":\"https:\\\/\\\/club.yonder.fr\\\/en\\\/?s={search_term_string}\"},\"query-input\":{\"@type\":\"PropertyValueSpecification\",\"valueRequired\":true,\"valueName\":\"search_term_string\"}}],\"inLanguage\":\"en-US\"},{\"@type\":\"Organization\",\"@id\":\"https:\\\/\\\/club.yonder.fr\\\/en\\\/#organization\",\"name\":\"Club Yonder\",\"url\":\"https:\\\/\\\/club.yonder.fr\\\/en\\\/\",\"logo\":{\"@type\":\"ImageObject\",\"inLanguage\":\"en-US\",\"@id\":\"https:\\\/\\\/club.yonder.fr\\\/en\\\/#\\\/schema\\\/logo\\\/image\\\/\",\"url\":\"https:\\\/\\\/club.yonder.fr\\\/wp-content\\\/uploads\\\/2025\\\/06\\\/Logo_LeClubYonder-horizontal1-site-200x39-1.png\",\"contentUrl\":\"https:\\\/\\\/club.yonder.fr\\\/wp-content\\\/uploads\\\/2025\\\/06\\\/Logo_LeClubYonder-horizontal1-site-200x39-1.png\",\"width\":200,\"height\":39,\"caption\":\"Club Yonder\"},\"image\":{\"@id\":\"https:\\\/\\\/club.yonder.fr\\\/en\\\/#\\\/schema\\\/logo\\\/image\\\/\"}}]}<\/script>\n<!-- \/ Yoast SEO plugin. -->","yoast_head_json":{"title":"What is Club Yonder? - Club Yonder","robots":{"index":"index","follow":"follow","max-snippet":"max-snippet:-1","max-image-preview":"max-image-preview:large","max-video-preview":"max-video-preview:-1"},"canonical":"https:\/\/club.yonder.fr\/en\/how-it-works\/","og_locale":"en_US","og_type":"article","og_title":"What is Club Yonder? - Club Yonder","og_description":"Our 40 Yonder journalists are constantly scouring the globe, testing new hotel openings from Rajasthan to Patagonia to the Norwegian coast\u2026 and traveling all over France! Be certain that the place you\u2019re considering is exactly what you want\u2026 Do you dream of a legendary palace, a boutique hotel, a treetop cabin, a design hotel, a [&hellip;]","og_url":"https:\/\/club.yonder.fr\/en\/how-it-works\/","og_site_name":"Club Yonder","article_modified_time":"2025-10-17T10:58:55+00:00","twitter_card":"summary_large_image","twitter_misc":{"Est. reading time":"4 minutes"},"schema":{"@context":"https:\/\/schema.org","@graph":[{"@type":"WebPage","@id":"https:\/\/club.yonder.fr\/en\/how-it-works\/","url":"https:\/\/club.yonder.fr\/en\/how-it-works\/","name":"What is Club Yonder? - Club Yonder","isPartOf":{"@id":"https:\/\/club.yonder.fr\/en\/#website"},"datePublished":"2025-09-18T07:02:36+00:00","dateModified":"2025-10-17T10:58:55+00:00","breadcrumb":{"@id":"https:\/\/club.yonder.fr\/en\/how-it-works\/#breadcrumb"},"inLanguage":"en-US","potentialAction":[{"@type":"ReadAction","target":["https:\/\/club.yonder.fr\/en\/how-it-works\/"]}]},{"@type":"BreadcrumbList","@id":"https:\/\/club.yonder.fr\/en\/how-it-works\/#breadcrumb","itemListElement":[{"@type":"ListItem","position":1,"name":"Accueil","item":"https:\/\/club.yonder.fr\/en\/"},{"@type":"ListItem","position":2,"name":"What is Club Yonder?"}]},{"@type":"WebSite","@id":"https:\/\/club.yonder.fr\/en\/#website","url":"https:\/\/club.yonder.fr\/en\/","name":"Club Yonder","description":"Les plus beaux h\u00f4tels","publisher":{"@id":"https:\/\/club.yonder.fr\/en\/#organization"},"potentialAction":[{"@type":"SearchAction","target":{"@type":"EntryPoint","urlTemplate":"https:\/\/club.yonder.fr\/en\/?s={search_term_string}"},"query-input":{"@type":"PropertyValueSpecification","valueRequired":true,"valueName":"search_term_string"}}],"inLanguage":"en-US"},{"@type":"Organization","@id":"https:\/\/club.yonder.fr\/en\/#organization","name":"Club Yonder","url":"https:\/\/club.yonder.fr\/en\/","logo":{"@type":"ImageObject","inLanguage":"en-US","@id":"https:\/\/club.yonder.fr\/en\/#\/schema\/logo\/image\/","url":"https:\/\/club.yonder.fr\/wp-content\/uploads\/2025\/06\/Logo_LeClubYonder-horizontal1-site-200x39-1.png","contentUrl":"https:\/\/club.yonder.fr\/wp-content\/uploads\/2025\/06\/Logo_LeClubYonder-horizontal1-site-200x39-1.png","width":200,"height":39,"caption":"Club Yonder"},"image":{"@id":"https:\/\/club.yonder.fr\/en\/#\/schema\/logo\/image\/"}}]}},"_links":{"self":[{"href":"https:\/\/club.yonder.fr\/en\/wp-json\/wp\/v2\/pages\/11809","targetHints":{"allow":["GET"]}}],"collection":[{"href":"https:\/\/club.yonder.fr\/en\/wp-json\/wp\/v2\/pages"}],"about":[{"href":"https:\/\/club.yonder.fr\/en\/wp-json\/wp\/v2\/types\/page"}],"author":[{"embeddable":true,"href":"https:\/\/club.yonder.fr\/en\/wp-json\/wp\/v2\/users\/1"}],"replies":[{"embeddable":true,"href":"https:\/\/club.yonder.fr\/en\/wp-json\/wp\/v2\/comments?post=11809"}],"version-history":[{"count":0,"href":"https:\/\/club.yonder.fr\/en\/wp-json\/wp\/v2\/pages\/11809\/revisions"}],"wp:attachment":[{"href":"https:\/\/club.yonder.fr\/en\/wp-json\/wp\/v2\/media?parent=11809"}],"curies":[{"name":"wp","href":"https:\/\/api.w.org\/{rel}","templated":true}]}}