{"id":11082,"date":"2025-08-01T15:08:32","date_gmt":"2025-08-01T13:08:32","guid":{"rendered":"https:\/\/club-yonder-test3.sb-web.fr\/?page_id=11082"},"modified":"2025-08-21T17:10:21","modified_gmt":"2025-08-21T15:10:21","slug":"types-of-hotels","status":"publish","type":"page","link":"https:\/\/club.yonder.fr\/en\/types-of-hotels\/","title":{"rendered":"Types of hotels"},"content":{"rendered":"<div id=\"pl-11082\"  class=\"panel-layout\" ><div id=\"pg-11082-0\"  class=\"panel-grid panel-has-style\" ><div class=\"panel-row-style panel-row-style-for-11082-0\" ><div id=\"pgc-11082-0-0\"  class=\"panel-grid-cell\" ><div id=\"panel-11082-0-0-0\" class=\"so-panel widget widget_sow-editor panel-first-child\" data-index=\"0\" ><div\n\t\t\t\n\t\t\tclass=\"so-widget-sow-editor so-widget-sow-editor-base\"\n\t\t\t\n\t\t>\n<div class=\"siteorigin-widget-tinymce textwidget\">\n\t<p style=\"text-align: center;\"><span style=\"font-weight: 400;\">Un palace en bord de mer, un boutique-h\u00f4tel confidentiel, une cabane perch\u00e9e, un lodge en pleine nature ou un h\u00f4tel urbain au design cisel\u00e9\u2026<br \/>\nChaque type d\u2019h\u00f4tel incarne une mani\u00e8re singuli\u00e8re de s\u00e9journer.<br \/>\nClass\u00e9s par styles ou envies, nos h\u00f4tels vous ouvrent les portes d\u2019univers vari\u00e9s, du plus grandiose au plus insolite.<br \/>\nPour vous aider \u00e0 choisir l\u2019atmosph\u00e8re qui vous ressemble et composer un voyage \u00e0 votre mesure.<\/span><\/p>\n<\/div>\n<\/div><\/div><div id=\"panel-11082-0-0-1\" class=\"so-panel widget widget_sow-editor panel-last-child\" data-index=\"1\" ><div\n\t\t\t\n\t\t\tclass=\"so-widget-sow-editor so-widget-sow-editor-base\"\n\t\t\t\n\t\t>\n<div class=\"siteorigin-widget-tinymce textwidget\">\n\t\r\n<div class=\"taxonomy-grid masonry-grid\" id=\"macy-container\">\r\n\t\t\t<div class=\"masonry-item\">\r\n\t\t\t<a href=\"https:\/\/club.yonder.fr\/en\/types-hotels\/5-star-hotels\/\" class=\"term-card\">\r\n\t\t\t\t<img loading=\"lazy\" decoding=\"async\" width=\"683\" height=\"1024\" src=\"https:\/\/club.yonder.fr\/wp-content\/uploads\/2025\/08\/Hotels-de-luxe-5-etoiles-683x1024.jpg\" class=\"attachment-large size-large\" alt=\"Hotels-de-luxe-5-etoiles\" srcset=\"https:\/\/club.yonder.fr\/wp-content\/uploads\/2025\/08\/Hotels-de-luxe-5-etoiles-683x1024.jpg 683w, https:\/\/club.yonder.fr\/wp-content\/uploads\/2025\/08\/Hotels-de-luxe-5-etoiles-200x300.jpg 200w, https:\/\/club.yonder.fr\/wp-content\/uploads\/2025\/08\/Hotels-de-luxe-5-etoiles-768x1152.jpg 768w, https:\/\/club.yonder.fr\/wp-content\/uploads\/2025\/08\/Hotels-de-luxe-5-etoiles.jpg 1000w\" sizes=\"auto, (max-width: 683px) 100vw, 683px\" \/>\t\t\t\t<div class=\"image-overlay\">\r\n\t\t\t\t\t<div class=\"image-overlay-background\"><\/div>\r\n\t\t\t\t\t<span class=\"image-overlay-text\">5-star hotels<\/span>\r\n\t\t\t\t<\/div>\r\n\t\t\t<\/a>\r\n\t\t<\/div>\r\n\t\t\t<div class=\"masonry-item\">\r\n\t\t\t<a href=\"https:\/\/club.yonder.fr\/en\/types-hotels\/4-star-hotels\/\" class=\"term-card\">\r\n\t\t\t\t<img loading=\"lazy\" decoding=\"async\" width=\"1024\" height=\"694\" src=\"https:\/\/club.yonder.fr\/wp-content\/uploads\/2025\/10\/Hotels-4-etoiles--1024x694.jpeg\" class=\"attachment-large size-large\" alt=\"Hotels-4-etoiles\" srcset=\"https:\/\/club.yonder.fr\/wp-content\/uploads\/2025\/10\/Hotels-4-etoiles--1024x694.jpeg 1024w, https:\/\/club.yonder.fr\/wp-content\/uploads\/2025\/10\/Hotels-4-etoiles--300x203.jpeg 300w, https:\/\/club.yonder.fr\/wp-content\/uploads\/2025\/10\/Hotels-4-etoiles--768x521.jpeg 768w, https:\/\/club.yonder.fr\/wp-content\/uploads\/2025\/10\/Hotels-4-etoiles-.jpeg 1280w\" sizes=\"auto, (max-width: 1024px) 100vw, 1024px\" \/>\t\t\t\t<div class=\"image-overlay\">\r\n\t\t\t\t\t<div class=\"image-overlay-background\"><\/div>\r\n\t\t\t\t\t<span class=\"image-overlay-text\">4-star hotels<\/span>\r\n\t\t\t\t<\/div>\r\n\t\t\t<\/a>\r\n\t\t<\/div>\r\n\t\t\t<div class=\"masonry-item\">\r\n\t\t\t<a href=\"https:\/\/club.yonder.fr\/en\/types-hotels\/palace-hotel\/\" class=\"term-card\">\r\n\t\t\t\t<img loading=\"lazy\" decoding=\"async\" width=\"1024\" height=\"683\" src=\"https:\/\/club.yonder.fr\/wp-content\/uploads\/2025\/08\/Hotels-palace-luxe-1024x683.jpg\" class=\"attachment-large size-large\" alt=\"Hotels palace luxe\" srcset=\"https:\/\/club.yonder.fr\/wp-content\/uploads\/2025\/08\/Hotels-palace-luxe-1024x683.jpg 1024w, https:\/\/club.yonder.fr\/wp-content\/uploads\/2025\/08\/Hotels-palace-luxe-300x200.jpg 300w, https:\/\/club.yonder.fr\/wp-content\/uploads\/2025\/08\/Hotels-palace-luxe-768x512.jpg 768w, https:\/\/club.yonder.fr\/wp-content\/uploads\/2025\/08\/Hotels-palace-luxe-1536x1024.jpg 1536w, https:\/\/club.yonder.fr\/wp-content\/uploads\/2025\/08\/Hotels-palace-luxe-720x480.jpg 720w, https:\/\/club.yonder.fr\/wp-content\/uploads\/2025\/08\/Hotels-palace-luxe-272x182.jpg 272w, https:\/\/club.yonder.fr\/wp-content\/uploads\/2025\/08\/Hotels-palace-luxe-360x240.jpg 360w, https:\/\/club.yonder.fr\/wp-content\/uploads\/2025\/08\/Hotels-palace-luxe.jpg 1800w\" sizes=\"auto, (max-width: 1024px) 100vw, 1024px\" \/>\t\t\t\t<div class=\"image-overlay\">\r\n\t\t\t\t\t<div class=\"image-overlay-background\"><\/div>\r\n\t\t\t\t\t<span class=\"image-overlay-text\">Palace Hotel<\/span>\r\n\t\t\t\t<\/div>\r\n\t\t\t<\/a>\r\n\t\t<\/div>\r\n\t\t\t<div class=\"masonry-item\">\r\n\t\t\t<a href=\"https:\/\/club.yonder.fr\/en\/types-hotels\/relais-chateaux-en\/\" class=\"term-card\">\r\n\t\t\t\t<img loading=\"lazy\" decoding=\"async\" width=\"641\" height=\"854\" src=\"https:\/\/club.yonder.fr\/wp-content\/uploads\/2025\/10\/Hotels-relais-chateaux-2.jpg\" class=\"attachment-large size-large\" alt=\"Hotels-relais-chateaux\" srcset=\"https:\/\/club.yonder.fr\/wp-content\/uploads\/2025\/10\/Hotels-relais-chateaux-2.jpg 641w, https:\/\/club.yonder.fr\/wp-content\/uploads\/2025\/10\/Hotels-relais-chateaux-2-225x300.jpg 225w\" sizes=\"auto, (max-width: 641px) 100vw, 641px\" \/>\t\t\t\t<div class=\"image-overlay\">\r\n\t\t\t\t\t<div class=\"image-overlay-background\"><\/div>\r\n\t\t\t\t\t<span class=\"image-overlay-text\">Relais &amp; Ch\u00e2teaux<\/span>\r\n\t\t\t\t<\/div>\r\n\t\t\t<\/a>\r\n\t\t<\/div>\r\n\t\t\t<div class=\"masonry-item\">\r\n\t\t\t<a href=\"https:\/\/club.yonder.fr\/en\/types-hotels\/boutique-hotel-en\/\" class=\"term-card\">\r\n\t\t\t\t<img loading=\"lazy\" decoding=\"async\" width=\"766\" height=\"1024\" src=\"https:\/\/club.yonder.fr\/wp-content\/uploads\/2025\/08\/Boutique-hotel.webp\" class=\"attachment-large size-large\" alt=\"Boutique-hotel\" srcset=\"https:\/\/club.yonder.fr\/wp-content\/uploads\/2025\/08\/Boutique-hotel.webp 766w, https:\/\/club.yonder.fr\/wp-content\/uploads\/2025\/08\/Boutique-hotel-224x300.webp 224w\" sizes=\"auto, (max-width: 766px) 100vw, 766px\" \/>\t\t\t\t<div class=\"image-overlay\">\r\n\t\t\t\t\t<div class=\"image-overlay-background\"><\/div>\r\n\t\t\t\t\t<span class=\"image-overlay-text\">Boutique hotel<\/span>\r\n\t\t\t\t<\/div>\r\n\t\t\t<\/a>\r\n\t\t<\/div>\r\n\t\t\t<div class=\"masonry-item\">\r\n\t\t\t<a href=\"https:\/\/club.yonder.fr\/en\/types-hotels\/3-star-hotel\/\" class=\"term-card\">\r\n\t\t\t\t<img loading=\"lazy\" decoding=\"async\" width=\"998\" height=\"953\" src=\"https:\/\/club.yonder.fr\/wp-content\/uploads\/2025\/10\/Hotels-3-etoiles-2.jpg\" class=\"attachment-large size-large\" alt=\"\" srcset=\"https:\/\/club.yonder.fr\/wp-content\/uploads\/2025\/10\/Hotels-3-etoiles-2.jpg 998w, https:\/\/club.yonder.fr\/wp-content\/uploads\/2025\/10\/Hotels-3-etoiles-2-300x286.jpg 300w, https:\/\/club.yonder.fr\/wp-content\/uploads\/2025\/10\/Hotels-3-etoiles-2-768x733.jpg 768w\" sizes=\"auto, (max-width: 998px) 100vw, 998px\" \/>\t\t\t\t<div class=\"image-overlay\">\r\n\t\t\t\t\t<div class=\"image-overlay-background\"><\/div>\r\n\t\t\t\t\t<span class=\"image-overlay-text\">3-star hotel<\/span>\r\n\t\t\t\t<\/div>\r\n\t\t\t<\/a>\r\n\t\t<\/div>\r\n\t\t\t<div class=\"masonry-item\">\r\n\t\t\t<a href=\"https:\/\/club.yonder.fr\/en\/types-hotels\/private-villa\/\" class=\"term-card\">\r\n\t\t\t\t<img loading=\"lazy\" decoding=\"async\" width=\"1024\" height=\"575\" src=\"https:\/\/club.yonder.fr\/wp-content\/uploads\/2025\/08\/hotels-Villas-privees--1024x575.jpg\" class=\"attachment-large size-large\" alt=\"villas priv\u00e9es\" srcset=\"https:\/\/club.yonder.fr\/wp-content\/uploads\/2025\/08\/hotels-Villas-privees--1024x575.jpg 1024w, https:\/\/club.yonder.fr\/wp-content\/uploads\/2025\/08\/hotels-Villas-privees--300x169.jpg 300w, https:\/\/club.yonder.fr\/wp-content\/uploads\/2025\/08\/hotels-Villas-privees--768x431.jpg 768w, https:\/\/club.yonder.fr\/wp-content\/uploads\/2025\/08\/hotels-Villas-privees-.jpg 1280w\" sizes=\"auto, (max-width: 1024px) 100vw, 1024px\" \/>\t\t\t\t<div class=\"image-overlay\">\r\n\t\t\t\t\t<div class=\"image-overlay-background\"><\/div>\r\n\t\t\t\t\t<span class=\"image-overlay-text\">Private Villa<\/span>\r\n\t\t\t\t<\/div>\r\n\t\t\t<\/a>\r\n\t\t<\/div>\r\n\t\t\t<div class=\"masonry-item\">\r\n\t\t\t<a href=\"https:\/\/club.yonder.fr\/en\/types-hotels\/luxury-apartments\/\" class=\"term-card\">\r\n\t\t\t\t<img loading=\"lazy\" decoding=\"async\" width=\"1024\" height=\"683\" src=\"https:\/\/club.yonder.fr\/wp-content\/uploads\/2025\/08\/Hotels-appartement-de-luxe-1024x683.jpg\" class=\"attachment-large size-large\" alt=\"Hotels-appartement-de-luxe\" srcset=\"https:\/\/club.yonder.fr\/wp-content\/uploads\/2025\/08\/Hotels-appartement-de-luxe-1024x683.jpg 1024w, https:\/\/club.yonder.fr\/wp-content\/uploads\/2025\/08\/Hotels-appartement-de-luxe-300x200.jpg 300w, https:\/\/club.yonder.fr\/wp-content\/uploads\/2025\/08\/Hotels-appartement-de-luxe-768x512.jpg 768w, https:\/\/club.yonder.fr\/wp-content\/uploads\/2025\/08\/Hotels-appartement-de-luxe-720x480.jpg 720w, https:\/\/club.yonder.fr\/wp-content\/uploads\/2025\/08\/Hotels-appartement-de-luxe-272x182.jpg 272w, https:\/\/club.yonder.fr\/wp-content\/uploads\/2025\/08\/Hotels-appartement-de-luxe-360x240.jpg 360w, https:\/\/club.yonder.fr\/wp-content\/uploads\/2025\/08\/Hotels-appartement-de-luxe.jpg 1080w\" sizes=\"auto, (max-width: 1024px) 100vw, 1024px\" \/>\t\t\t\t<div class=\"image-overlay\">\r\n\t\t\t\t\t<div class=\"image-overlay-background\"><\/div>\r\n\t\t\t\t\t<span class=\"image-overlay-text\">Luxury apartments<\/span>\r\n\t\t\t\t<\/div>\r\n\t\t\t<\/a>\r\n\t\t<\/div>\r\n\t\t\t<div class=\"masonry-item\">\r\n\t\t\t<a href=\"https:\/\/club.yonder.fr\/en\/types-hotels\/guest-house\/\" class=\"term-card\">\r\n\t\t\t\t<img loading=\"lazy\" decoding=\"async\" width=\"683\" height=\"1024\" src=\"https:\/\/club.yonder.fr\/wp-content\/uploads\/2025\/10\/Maison-dhotes-683x1024.jpg\" class=\"attachment-large size-large\" alt=\"Maison-dhotes\" srcset=\"https:\/\/club.yonder.fr\/wp-content\/uploads\/2025\/10\/Maison-dhotes-683x1024.jpg 683w, https:\/\/club.yonder.fr\/wp-content\/uploads\/2025\/10\/Maison-dhotes-200x300.jpg 200w, https:\/\/club.yonder.fr\/wp-content\/uploads\/2025\/10\/Maison-dhotes-768x1152.jpg 768w, https:\/\/club.yonder.fr\/wp-content\/uploads\/2025\/10\/Maison-dhotes-1024x1536.jpg 1024w, https:\/\/club.yonder.fr\/wp-content\/uploads\/2025\/10\/Maison-dhotes.jpg 1280w\" sizes=\"auto, (max-width: 683px) 100vw, 683px\" \/>\t\t\t\t<div class=\"image-overlay\">\r\n\t\t\t\t\t<div class=\"image-overlay-background\"><\/div>\r\n\t\t\t\t\t<span class=\"image-overlay-text\">Guest House<\/span>\r\n\t\t\t\t<\/div>\r\n\t\t\t<\/a>\r\n\t\t<\/div>\r\n\t\t\t<div class=\"masonry-item\">\r\n\t\t\t<a href=\"https:\/\/club.yonder.fr\/en\/types-hotels\/cabin-lodges\/\" class=\"term-card\">\r\n\t\t\t\t<img loading=\"lazy\" decoding=\"async\" width=\"1024\" height=\"681\" src=\"https:\/\/club.yonder.fr\/wp-content\/uploads\/2025\/08\/Cabanes-Eco-Lodges.jpg\" class=\"attachment-large size-large\" alt=\"Cabanes Eco Lodges\" srcset=\"https:\/\/club.yonder.fr\/wp-content\/uploads\/2025\/08\/Cabanes-Eco-Lodges.jpg 1024w, https:\/\/club.yonder.fr\/wp-content\/uploads\/2025\/08\/Cabanes-Eco-Lodges-300x200.jpg 300w, https:\/\/club.yonder.fr\/wp-content\/uploads\/2025\/08\/Cabanes-Eco-Lodges-768x511.jpg 768w, https:\/\/club.yonder.fr\/wp-content\/uploads\/2025\/08\/Cabanes-Eco-Lodges-720x480.jpg 720w, https:\/\/club.yonder.fr\/wp-content\/uploads\/2025\/08\/Cabanes-Eco-Lodges-272x182.jpg 272w, https:\/\/club.yonder.fr\/wp-content\/uploads\/2025\/08\/Cabanes-Eco-Lodges-360x240.jpg 360w\" sizes=\"auto, (max-width: 1024px) 100vw, 1024px\" \/>\t\t\t\t<div class=\"image-overlay\">\r\n\t\t\t\t\t<div class=\"image-overlay-background\"><\/div>\r\n\t\t\t\t\t<span class=\"image-overlay-text\">Cabin Lodges<\/span>\r\n\t\t\t\t<\/div>\r\n\t\t\t<\/a>\r\n\t\t<\/div>\r\n\t\t\t<div class=\"masonry-item\">\r\n\t\t\t<a href=\"https:\/\/club.yonder.fr\/en\/types-hotels\/leading-hotels-of-the-world-en\/\" class=\"term-card\">\r\n\t\t\t\t<img loading=\"lazy\" decoding=\"async\" width=\"1024\" height=\"684\" src=\"https:\/\/club.yonder.fr\/wp-content\/uploads\/2025\/10\/LHW-Lily-of-the-Valley-1024x684.jpg\" class=\"attachment-large size-large\" alt=\"Leading Hotels of the Word\" srcset=\"https:\/\/club.yonder.fr\/wp-content\/uploads\/2025\/10\/LHW-Lily-of-the-Valley-1024x684.jpg 1024w, https:\/\/club.yonder.fr\/wp-content\/uploads\/2025\/10\/LHW-Lily-of-the-Valley-300x200.jpg 300w, https:\/\/club.yonder.fr\/wp-content\/uploads\/2025\/10\/LHW-Lily-of-the-Valley-768x513.jpg 768w, https:\/\/club.yonder.fr\/wp-content\/uploads\/2025\/10\/LHW-Lily-of-the-Valley-720x480.jpg 720w, https:\/\/club.yonder.fr\/wp-content\/uploads\/2025\/10\/LHW-Lily-of-the-Valley-272x182.jpg 272w, https:\/\/club.yonder.fr\/wp-content\/uploads\/2025\/10\/LHW-Lily-of-the-Valley-360x240.jpg 360w, https:\/\/club.yonder.fr\/wp-content\/uploads\/2025\/10\/LHW-Lily-of-the-Valley.jpg 1280w\" sizes=\"auto, (max-width: 1024px) 100vw, 1024px\" \/>\t\t\t\t<div class=\"image-overlay\">\r\n\t\t\t\t\t<div class=\"image-overlay-background\"><\/div>\r\n\t\t\t\t\t<span class=\"image-overlay-text\">Leading H\u00f4tels of the World<\/span>\r\n\t\t\t\t<\/div>\r\n\t\t\t<\/a>\r\n\t\t<\/div>\r\n\t\t\t<div class=\"masonry-item\">\r\n\t\t\t<a href=\"https:\/\/club.yonder.fr\/en\/types-hotels\/design-hotel-en\/\" class=\"term-card\">\r\n\t\t\t\t<img loading=\"lazy\" decoding=\"async\" width=\"734\" height=\"1024\" src=\"https:\/\/club.yonder.fr\/wp-content\/uploads\/2025\/10\/Hotels-design-734x1024.jpg\" class=\"attachment-large size-large\" alt=\"Hotels-design\" srcset=\"https:\/\/club.yonder.fr\/wp-content\/uploads\/2025\/10\/Hotels-design-734x1024.jpg 734w, https:\/\/club.yonder.fr\/wp-content\/uploads\/2025\/10\/Hotels-design-215x300.jpg 215w, https:\/\/club.yonder.fr\/wp-content\/uploads\/2025\/10\/Hotels-design-768x1072.jpg 768w, https:\/\/club.yonder.fr\/wp-content\/uploads\/2025\/10\/Hotels-design.jpg 1080w\" sizes=\"auto, (max-width: 734px) 100vw, 734px\" \/>\t\t\t\t<div class=\"image-overlay\">\r\n\t\t\t\t\t<div class=\"image-overlay-background\"><\/div>\r\n\t\t\t\t\t<span class=\"image-overlay-text\">Design Hotel<\/span>\r\n\t\t\t\t<\/div>\r\n\t\t\t<\/a>\r\n\t\t<\/div>\r\n\t\t\t<div class=\"masonry-item\">\r\n\t\t\t<a href=\"https:\/\/club.yonder.fr\/en\/types-hotels\/small-luxury-hotels-en\/\" class=\"term-card\">\r\n\t\t\t\t<img loading=\"lazy\" decoding=\"async\" width=\"641\" height=\"854\" src=\"https:\/\/club.yonder.fr\/wp-content\/uploads\/2025\/10\/SLHW-hotel-juana-antibes.jpg\" class=\"attachment-large size-large\" alt=\"Small Luxury Hotels of the World - Hotel Juana - Antibes\" srcset=\"https:\/\/club.yonder.fr\/wp-content\/uploads\/2025\/10\/SLHW-hotel-juana-antibes.jpg 641w, https:\/\/club.yonder.fr\/wp-content\/uploads\/2025\/10\/SLHW-hotel-juana-antibes-225x300.jpg 225w\" sizes=\"auto, (max-width: 641px) 100vw, 641px\" \/>\t\t\t\t<div class=\"image-overlay\">\r\n\t\t\t\t\t<div class=\"image-overlay-background\"><\/div>\r\n\t\t\t\t\t<span class=\"image-overlay-text\">Small Luxury H\u00f4tels<\/span>\r\n\t\t\t\t<\/div>\r\n\t\t\t<\/a>\r\n\t\t<\/div>\r\n\t<\/div>\r\n\n<\/div>\n<\/div><\/div><\/div><\/div><\/div><\/div>","protected":false},"excerpt":{"rendered":"<p>Un palace en bord de mer, un boutique-h\u00f4tel confidentiel, une cabane perch\u00e9e, un lodge en pleine nature ou un h\u00f4tel urbain au design cisel\u00e9\u2026 Chaque type d\u2019h\u00f4tel incarne une mani\u00e8re singuli\u00e8re de s\u00e9journer. Class\u00e9s par styles ou envies, nos h\u00f4tels vous ouvrent les portes d\u2019univers vari\u00e9s, du plus grandiose au plus insolite. Pour vous aider [&hellip;]<\/p>\n","protected":false},"author":1,"featured_media":0,"parent":0,"menu_order":0,"comment_status":"closed","ping_status":"closed","template":"","meta":{"_acf_changed":false,"footnotes":""},"class_list":["post-11082","page","type-page","status-publish","hentry","post"],"acf":[],"yoast_head":"<!-- This site is optimized with the Yoast SEO plugin v27.5 - https:\/\/yoast.com\/product\/yoast-seo-wordpress\/ -->\n<title>Types of hotels - Club Yonder<\/title>\n<meta name=\"robots\" content=\"index, follow, max-snippet:-1, max-image-preview:large, max-video-preview:-1\" \/>\n<link rel=\"canonical\" href=\"https:\/\/club.yonder.fr\/en\/types-of-hotels\/\" \/>\n<meta property=\"og:locale\" content=\"en_US\" \/>\n<meta property=\"og:type\" content=\"article\" \/>\n<meta property=\"og:title\" content=\"Types of hotels - Club Yonder\" \/>\n<meta property=\"og:description\" content=\"Un palace en bord de mer, un boutique-h\u00f4tel confidentiel, une cabane perch\u00e9e, un lodge en pleine nature ou un h\u00f4tel urbain au design cisel\u00e9\u2026 Chaque type d\u2019h\u00f4tel incarne une mani\u00e8re singuli\u00e8re de s\u00e9journer. Class\u00e9s par styles ou envies, nos h\u00f4tels vous ouvrent les portes d\u2019univers vari\u00e9s, du plus grandiose au plus insolite. Pour vous aider [&hellip;]\" \/>\n<meta property=\"og:url\" content=\"https:\/\/club.yonder.fr\/en\/types-of-hotels\/\" \/>\n<meta property=\"og:site_name\" content=\"Club Yonder\" \/>\n<meta property=\"article:modified_time\" content=\"2025-08-21T15:10:21+00:00\" \/>\n<meta property=\"og:image\" content=\"https:\/\/club.yonder.fr\/wp-content\/themes\/siteorigin-corp-child-club-yonder\/assets\/img\/placeholder-paysage-960x1280.jpg\" \/>\n<meta name=\"twitter:card\" content=\"summary_large_image\" \/>\n<meta name=\"twitter:label1\" content=\"Est. reading time\" \/>\n\t<meta name=\"twitter:data1\" content=\"4 minutes\" \/>\n<script type=\"application\/ld+json\" class=\"yoast-schema-graph\">{\"@context\":\"https:\\\/\\\/schema.org\",\"@graph\":[{\"@type\":\"WebPage\",\"@id\":\"https:\\\/\\\/club.yonder.fr\\\/en\\\/types-of-hotels\\\/\",\"url\":\"https:\\\/\\\/club.yonder.fr\\\/en\\\/types-of-hotels\\\/\",\"name\":\"Types of hotels - Club Yonder\",\"isPartOf\":{\"@id\":\"https:\\\/\\\/club.yonder.fr\\\/en\\\/#website\"},\"primaryImageOfPage\":{\"@id\":\"https:\\\/\\\/club.yonder.fr\\\/en\\\/types-of-hotels\\\/#primaryimage\"},\"image\":{\"@id\":\"https:\\\/\\\/club.yonder.fr\\\/en\\\/types-of-hotels\\\/#primaryimage\"},\"thumbnailUrl\":\"https:\\\/\\\/club.yonder.fr\\\/wp-content\\\/themes\\\/siteorigin-corp-child-club-yonder\\\/assets\\\/img\\\/placeholder-paysage-960x1280.jpg\",\"datePublished\":\"2025-08-01T13:08:32+00:00\",\"dateModified\":\"2025-08-21T15:10:21+00:00\",\"breadcrumb\":{\"@id\":\"https:\\\/\\\/club.yonder.fr\\\/en\\\/types-of-hotels\\\/#breadcrumb\"},\"inLanguage\":\"en-US\",\"potentialAction\":[{\"@type\":\"ReadAction\",\"target\":[\"https:\\\/\\\/club.yonder.fr\\\/en\\\/types-of-hotels\\\/\"]}]},{\"@type\":\"ImageObject\",\"inLanguage\":\"en-US\",\"@id\":\"https:\\\/\\\/club.yonder.fr\\\/en\\\/types-of-hotels\\\/#primaryimage\",\"url\":\"https:\\\/\\\/club.yonder.fr\\\/wp-content\\\/themes\\\/siteorigin-corp-child-club-yonder\\\/assets\\\/img\\\/placeholder-paysage-960x1280.jpg\",\"contentUrl\":\"https:\\\/\\\/club.yonder.fr\\\/wp-content\\\/themes\\\/siteorigin-corp-child-club-yonder\\\/assets\\\/img\\\/placeholder-paysage-960x1280.jpg\"},{\"@type\":\"BreadcrumbList\",\"@id\":\"https:\\\/\\\/club.yonder.fr\\\/en\\\/types-of-hotels\\\/#breadcrumb\",\"itemListElement\":[{\"@type\":\"ListItem\",\"position\":1,\"name\":\"Accueil\",\"item\":\"https:\\\/\\\/club.yonder.fr\\\/en\\\/\"},{\"@type\":\"ListItem\",\"position\":2,\"name\":\"Types of hotels\"}]},{\"@type\":\"WebSite\",\"@id\":\"https:\\\/\\\/club.yonder.fr\\\/en\\\/#website\",\"url\":\"https:\\\/\\\/club.yonder.fr\\\/en\\\/\",\"name\":\"Club Yonder\",\"description\":\"Les plus beaux h\u00f4tels\",\"publisher\":{\"@id\":\"https:\\\/\\\/club.yonder.fr\\\/en\\\/#organization\"},\"potentialAction\":[{\"@type\":\"SearchAction\",\"target\":{\"@type\":\"EntryPoint\",\"urlTemplate\":\"https:\\\/\\\/club.yonder.fr\\\/en\\\/?s={search_term_string}\"},\"query-input\":{\"@type\":\"PropertyValueSpecification\",\"valueRequired\":true,\"valueName\":\"search_term_string\"}}],\"inLanguage\":\"en-US\"},{\"@type\":\"Organization\",\"@id\":\"https:\\\/\\\/club.yonder.fr\\\/en\\\/#organization\",\"name\":\"Club Yonder\",\"url\":\"https:\\\/\\\/club.yonder.fr\\\/en\\\/\",\"logo\":{\"@type\":\"ImageObject\",\"inLanguage\":\"en-US\",\"@id\":\"https:\\\/\\\/club.yonder.fr\\\/en\\\/#\\\/schema\\\/logo\\\/image\\\/\",\"url\":\"https:\\\/\\\/club.yonder.fr\\\/wp-content\\\/uploads\\\/2025\\\/06\\\/Logo_LeClubYonder-horizontal1-site-200x39-1.png\",\"contentUrl\":\"https:\\\/\\\/club.yonder.fr\\\/wp-content\\\/uploads\\\/2025\\\/06\\\/Logo_LeClubYonder-horizontal1-site-200x39-1.png\",\"width\":200,\"height\":39,\"caption\":\"Club Yonder\"},\"image\":{\"@id\":\"https:\\\/\\\/club.yonder.fr\\\/en\\\/#\\\/schema\\\/logo\\\/image\\\/\"}}]}<\/script>\n<!-- \/ Yoast SEO plugin. -->","yoast_head_json":{"title":"Types of hotels - Club Yonder","robots":{"index":"index","follow":"follow","max-snippet":"max-snippet:-1","max-image-preview":"max-image-preview:large","max-video-preview":"max-video-preview:-1"},"canonical":"https:\/\/club.yonder.fr\/en\/types-of-hotels\/","og_locale":"en_US","og_type":"article","og_title":"Types of hotels - Club Yonder","og_description":"Un palace en bord de mer, un boutique-h\u00f4tel confidentiel, une cabane perch\u00e9e, un lodge en pleine nature ou un h\u00f4tel urbain au design cisel\u00e9\u2026 Chaque type d\u2019h\u00f4tel incarne une mani\u00e8re singuli\u00e8re de s\u00e9journer. Class\u00e9s par styles ou envies, nos h\u00f4tels vous ouvrent les portes d\u2019univers vari\u00e9s, du plus grandiose au plus insolite. Pour vous aider [&hellip;]","og_url":"https:\/\/club.yonder.fr\/en\/types-of-hotels\/","og_site_name":"Club Yonder","article_modified_time":"2025-08-21T15:10:21+00:00","og_image":[{"url":"https:\/\/club.yonder.fr\/wp-content\/themes\/siteorigin-corp-child-club-yonder\/assets\/img\/placeholder-paysage-960x1280.jpg","type":"","width":"","height":""}],"twitter_card":"summary_large_image","twitter_misc":{"Est. reading time":"4 minutes"},"schema":{"@context":"https:\/\/schema.org","@graph":[{"@type":"WebPage","@id":"https:\/\/club.yonder.fr\/en\/types-of-hotels\/","url":"https:\/\/club.yonder.fr\/en\/types-of-hotels\/","name":"Types of hotels - Club Yonder","isPartOf":{"@id":"https:\/\/club.yonder.fr\/en\/#website"},"primaryImageOfPage":{"@id":"https:\/\/club.yonder.fr\/en\/types-of-hotels\/#primaryimage"},"image":{"@id":"https:\/\/club.yonder.fr\/en\/types-of-hotels\/#primaryimage"},"thumbnailUrl":"https:\/\/club.yonder.fr\/wp-content\/themes\/siteorigin-corp-child-club-yonder\/assets\/img\/placeholder-paysage-960x1280.jpg","datePublished":"2025-08-01T13:08:32+00:00","dateModified":"2025-08-21T15:10:21+00:00","breadcrumb":{"@id":"https:\/\/club.yonder.fr\/en\/types-of-hotels\/#breadcrumb"},"inLanguage":"en-US","potentialAction":[{"@type":"ReadAction","target":["https:\/\/club.yonder.fr\/en\/types-of-hotels\/"]}]},{"@type":"ImageObject","inLanguage":"en-US","@id":"https:\/\/club.yonder.fr\/en\/types-of-hotels\/#primaryimage","url":"https:\/\/club.yonder.fr\/wp-content\/themes\/siteorigin-corp-child-club-yonder\/assets\/img\/placeholder-paysage-960x1280.jpg","contentUrl":"https:\/\/club.yonder.fr\/wp-content\/themes\/siteorigin-corp-child-club-yonder\/assets\/img\/placeholder-paysage-960x1280.jpg"},{"@type":"BreadcrumbList","@id":"https:\/\/club.yonder.fr\/en\/types-of-hotels\/#breadcrumb","itemListElement":[{"@type":"ListItem","position":1,"name":"Accueil","item":"https:\/\/club.yonder.fr\/en\/"},{"@type":"ListItem","position":2,"name":"Types of hotels"}]},{"@type":"WebSite","@id":"https:\/\/club.yonder.fr\/en\/#website","url":"https:\/\/club.yonder.fr\/en\/","name":"Club Yonder","description":"Les plus beaux h\u00f4tels","publisher":{"@id":"https:\/\/club.yonder.fr\/en\/#organization"},"potentialAction":[{"@type":"SearchAction","target":{"@type":"EntryPoint","urlTemplate":"https:\/\/club.yonder.fr\/en\/?s={search_term_string}"},"query-input":{"@type":"PropertyValueSpecification","valueRequired":true,"valueName":"search_term_string"}}],"inLanguage":"en-US"},{"@type":"Organization","@id":"https:\/\/club.yonder.fr\/en\/#organization","name":"Club Yonder","url":"https:\/\/club.yonder.fr\/en\/","logo":{"@type":"ImageObject","inLanguage":"en-US","@id":"https:\/\/club.yonder.fr\/en\/#\/schema\/logo\/image\/","url":"https:\/\/club.yonder.fr\/wp-content\/uploads\/2025\/06\/Logo_LeClubYonder-horizontal1-site-200x39-1.png","contentUrl":"https:\/\/club.yonder.fr\/wp-content\/uploads\/2025\/06\/Logo_LeClubYonder-horizontal1-site-200x39-1.png","width":200,"height":39,"caption":"Club Yonder"},"image":{"@id":"https:\/\/club.yonder.fr\/en\/#\/schema\/logo\/image\/"}}]}},"_links":{"self":[{"href":"https:\/\/club.yonder.fr\/en\/wp-json\/wp\/v2\/pages\/11082","targetHints":{"allow":["GET"]}}],"collection":[{"href":"https:\/\/club.yonder.fr\/en\/wp-json\/wp\/v2\/pages"}],"about":[{"href":"https:\/\/club.yonder.fr\/en\/wp-json\/wp\/v2\/types\/page"}],"author":[{"embeddable":true,"href":"https:\/\/club.yonder.fr\/en\/wp-json\/wp\/v2\/users\/1"}],"replies":[{"embeddable":true,"href":"https:\/\/club.yonder.fr\/en\/wp-json\/wp\/v2\/comments?post=11082"}],"version-history":[{"count":0,"href":"https:\/\/club.yonder.fr\/en\/wp-json\/wp\/v2\/pages\/11082\/revisions"}],"wp:attachment":[{"href":"https:\/\/club.yonder.fr\/en\/wp-json\/wp\/v2\/media?parent=11082"}],"curies":[{"name":"wp","href":"https:\/\/api.w.org\/{rel}","templated":true}]}}